{"id":1488,"date":"2023-01-16T12:59:38","date_gmt":"2023-01-16T12:59:38","guid":{"rendered":"http:\/\/test.dreamdive.es\/wordpress\/?page_id=1488"},"modified":"2023-02-06T21:59:45","modified_gmt":"2023-02-06T21:59:45","slug":"inmersion-tossa-santa-anna","status":"publish","type":"page","link":"https:\/\/www.dreamdive.es\/ca\/inmersion-tossa-santa-anna\/","title":{"rendered":"immersi\u00f3 busseig Santa Anna"},"content":{"rendered":"<div data-elementor-type=\"wp-page\" data-elementor-id=\"1488\" class=\"elementor elementor-1488\" data-elementor-post-type=\"page\">\n\t\t\t\t\t\t<section class=\"elementor-section elementor-top-section elementor-element elementor-element-234f483d elementor-section-full_width elementor-section-content-middle elementor-section-height-default elementor-section-height-default\" data-id=\"234f483d\" data-element_type=\"section\" data-e-type=\"section\">\n\t\t\t\t\t\t<div class=\"elementor-container elementor-column-gap-no\">\n\t\t\t\t\t<div class=\"elementor-column elementor-col-50 elementor-top-column elementor-element elementor-element-1c003c31\" data-id=\"1c003c31\" data-element_type=\"column\" data-e-type=\"column\" data-settings=\"{&quot;background_background&quot;:&quot;classic&quot;}\">\n\t\t\t<div class=\"elementor-widget-wrap elementor-element-populated\">\n\t\t\t\t\t<div class=\"elementor-background-overlay\"><\/div>\n\t\t\t\t\t\t<div class=\"elementor-element elementor-element-352702d0 elementor-widget elementor-widget-heading\" data-id=\"352702d0\" data-element_type=\"widget\" data-e-type=\"widget\" data-widget_type=\"heading.default\">\n\t\t\t\t<div class=\"elementor-widget-container\">\n\t\t\t\t\t<h2 class=\"elementor-heading-title elementor-size-default\"><span class=\"dives\">Immersi\u00f3: <\/span>Santa Anna<br>\n<span class=\"dives\">Nivell:<\/span> Avan\u00e7at + Profunda<br>\n<span class=\"dives\">Profunditat:<\/span> 34 metres<br>\n<span class=\"dives\">Tipus:<\/span> Vaixell <\/strong>\n<\/h2>\t\t\t\t<\/div>\n\t\t\t\t<\/div>\n\t\t\t\t\t<\/div>\n\t\t<\/div>\n\t\t\t\t<div class=\"elementor-column elementor-col-50 elementor-top-column elementor-element elementor-element-3cd5ac8f\" data-id=\"3cd5ac8f\" data-element_type=\"column\" data-e-type=\"column\">\n\t\t\t<div class=\"elementor-widget-wrap elementor-element-populated\">\n\t\t\t\t\t\t<div class=\"elementor-element elementor-element-30e84f31 elementor-widget elementor-widget-text-editor\" data-id=\"30e84f31\" data-element_type=\"widget\" data-e-type=\"widget\" data-widget_type=\"text-editor.default\">\n\t\t\t\t<div class=\"elementor-widget-container\">\n\t\t\t\t\t\t\t\t\t<h4><span class=\"dives\">Immersi\u00f3 de busseig a Tossa, Santa Anna<\/span><\/h4>\t\t\t\t\t\t\t\t<\/div>\n\t\t\t\t<\/div>\n\t\t\t\t<div class=\"elementor-element elementor-element-3b7c4ff2 elementor-widget elementor-widget-text-editor\" data-id=\"3b7c4ff2\" data-element_type=\"widget\" data-e-type=\"widget\" data-widget_type=\"text-editor.default\">\n\t\t\t\t<div class=\"elementor-widget-container\">\n\t\t\t\t\t\t\t\t\t<p>A uns 15 minuts de navegaci\u00f3 des de la zona de la Mar Menuda tenim la immersi\u00f3 de busseig amb vaixell Santa Anna. Un cop fondegem baixem i ens trobarem amb una roca que s&#039;enlaira uns 8 metres des d&#039;un fons sorrenc. \u00c9s una roca en forma de mitja lluna on durant l&#039;estiu hi podem veure peixos lluna. Una altra fauna que veiem s\u00f3n esc\u00f2rpores, congres i llagostes de grans dimensions. Aquesta \u00e9s una immersi\u00f3 profunda i cal tenir la titulaci\u00f3 d&#039;avan\u00e7at PADI o equivalent i l&#039;especialitat de profunda. \u00c9s molt recomanable fer servir Nitrox per poder allargar el teu temps de fons i poder gaudir d&#039;aquesta immersi\u00f3 amb vaixell a Tossa de Mar.<\/p>\t\t\t\t\t\t\t\t<\/div>\n\t\t\t\t<\/div>\n\t\t\t\t\t<\/div>\n\t\t<\/div>\n\t\t\t\t\t<\/div>\n\t\t<\/section>\n\t\t\t\t<\/div>","protected":false},"excerpt":{"rendered":"<p>Immersi\u00f3: Santa Anna Nivell: Avan\u00e7at + Profunda Profunditat: 34 metres Tipus: Vaixell Immersi\u00f3 de busseig a Tossa, Santa Anna A uns 15 minuts de navegaci\u00f3 des de la zona de la Mar Menuda tenim la immersi\u00f3 de busseig amb vaixell Santa Anna.<\/p>","protected":false},"author":1,"featured_media":0,"parent":0,"menu_order":0,"comment_status":"closed","ping_status":"closed","template":"","meta":{"footnotes":""},"class_list":["post-1488","page","type-page","status-publish","hentry"],"yoast_head":"<!-- This site is optimized with the Yoast SEO plugin v26.7 - https:\/\/yoast.com\/wordpress\/plugins\/seo\/ -->\n<title>inmersi\u00f3n buceo Santa Anna - Centro buceo Tossa de Mar Dream Dive<\/title>\n<meta name=\"robots\" content=\"index, follow, max-snippet:-1, max-image-preview:large, max-video-preview:-1\" \/>\n<link rel=\"canonical\" href=\"https:\/\/www.dreamdive.es\/ca\/inmersion-tossa-santa-anna\/\" \/>\n<meta property=\"og:locale\" content=\"ca_ES\" \/>\n<meta property=\"og:type\" content=\"article\" \/>\n<meta property=\"og:title\" content=\"inmersi\u00f3n buceo Santa Anna - Centro buceo Tossa de Mar Dream Dive\" \/>\n<meta property=\"og:description\" content=\"Inmersi\u00f3n: Santa Anna Nivel: Avanzado + Profunda Profundidad: 34 metros Tipo: Barco Inmersi\u00f3n de buceo en Tossa, Santa Anna A unos 15 minutos de navegaci\u00f3n desde la zona de la Mar Menuda tenemos la inmersi\u00f3n de buceo en barco Santa Anna.\u00a0 Una vez fondeamos descendemos y nos encontraremos con una roca que se eleva unos [&hellip;]\" \/>\n<meta property=\"og:url\" content=\"https:\/\/www.dreamdive.es\/ca\/inmersion-tossa-santa-anna\/\" \/>\n<meta property=\"og:site_name\" content=\"Centro buceo Tossa de Mar Dream Dive\" \/>\n<meta property=\"article:modified_time\" content=\"2023-02-06T21:59:45+00:00\" \/>\n<meta name=\"twitter:card\" content=\"summary_large_image\" \/>\n<meta name=\"twitter:label1\" content=\"Temps estimat de lectura\" \/>\n\t<meta name=\"twitter:data1\" content=\"1 minut\" \/>\n<script type=\"application\/ld+json\" class=\"yoast-schema-graph\">{\"@context\":\"https:\/\/schema.org\",\"@graph\":[{\"@type\":\"WebPage\",\"@id\":\"https:\/\/www.dreamdive.es\/inmersion-tossa-santa-anna\/\",\"url\":\"https:\/\/www.dreamdive.es\/inmersion-tossa-santa-anna\/\",\"name\":\"inmersi\u00f3n buceo Santa Anna - Centro buceo Tossa de Mar Dream Dive\",\"isPartOf\":{\"@id\":\"https:\/\/www.dreamdive.es\/#website\"},\"datePublished\":\"2023-01-16T12:59:38+00:00\",\"dateModified\":\"2023-02-06T21:59:45+00:00\",\"breadcrumb\":{\"@id\":\"https:\/\/www.dreamdive.es\/inmersion-tossa-santa-anna\/#breadcrumb\"},\"inLanguage\":\"ca\",\"potentialAction\":[{\"@type\":\"ReadAction\",\"target\":[\"https:\/\/www.dreamdive.es\/inmersion-tossa-santa-anna\/\"]}]},{\"@type\":\"BreadcrumbList\",\"@id\":\"https:\/\/www.dreamdive.es\/inmersion-tossa-santa-anna\/#breadcrumb\",\"itemListElement\":[{\"@type\":\"ListItem\",\"position\":1,\"name\":\"Home\",\"item\":\"https:\/\/www.dreamdive.es\/\"},{\"@type\":\"ListItem\",\"position\":2,\"name\":\"inmersi\u00f3n buceo Santa Anna\"}]},{\"@type\":\"WebSite\",\"@id\":\"https:\/\/www.dreamdive.es\/#website\",\"url\":\"https:\/\/www.dreamdive.es\/\",\"name\":\"Centro buceo Tossa de Mar Dream Dive\",\"description\":\"\",\"publisher\":{\"@id\":\"https:\/\/www.dreamdive.es\/#organization\"},\"potentialAction\":[{\"@type\":\"SearchAction\",\"target\":{\"@type\":\"EntryPoint\",\"urlTemplate\":\"https:\/\/www.dreamdive.es\/?s={search_term_string}\"},\"query-input\":{\"@type\":\"PropertyValueSpecification\",\"valueRequired\":true,\"valueName\":\"search_term_string\"}}],\"inLanguage\":\"ca\"},{\"@type\":\"Organization\",\"@id\":\"https:\/\/www.dreamdive.es\/#organization\",\"name\":\"Centro buceo Tossa de Mar Dream Dive\",\"url\":\"https:\/\/www.dreamdive.es\/\",\"logo\":{\"@type\":\"ImageObject\",\"inLanguage\":\"ca\",\"@id\":\"https:\/\/www.dreamdive.es\/#\/schema\/logo\/image\/\",\"url\":\"https:\/\/www.dreamdive.es\/wp-content\/uploads\/2022\/11\/File-svg.svg\",\"contentUrl\":\"https:\/\/www.dreamdive.es\/wp-content\/uploads\/2022\/11\/File-svg.svg\",\"width\":576,\"height\":432,\"caption\":\"Centro buceo Tossa de Mar Dream Dive\"},\"image\":{\"@id\":\"https:\/\/www.dreamdive.es\/#\/schema\/logo\/image\/\"},\"sameAs\":[\"https:\/\/www.instagram.com\/dreamdive13\/\"]}]}<\/script>\n<!-- \/ Yoast SEO plugin. -->","yoast_head_json":{"title":"inmersi\u00f3n buceo Santa Anna - Centro buceo Tossa de Mar Dream Dive","robots":{"index":"index","follow":"follow","max-snippet":"max-snippet:-1","max-image-preview":"max-image-preview:large","max-video-preview":"max-video-preview:-1"},"canonical":"https:\/\/www.dreamdive.es\/ca\/inmersion-tossa-santa-anna\/","og_locale":"ca_ES","og_type":"article","og_title":"inmersi\u00f3n buceo Santa Anna - Centro buceo Tossa de Mar Dream Dive","og_description":"Inmersi\u00f3n: Santa Anna Nivel: Avanzado + Profunda Profundidad: 34 metros Tipo: Barco Inmersi\u00f3n de buceo en Tossa, Santa Anna A unos 15 minutos de navegaci\u00f3n desde la zona de la Mar Menuda tenemos la inmersi\u00f3n de buceo en barco Santa Anna.\u00a0 Una vez fondeamos descendemos y nos encontraremos con una roca que se eleva unos [&hellip;]","og_url":"https:\/\/www.dreamdive.es\/ca\/inmersion-tossa-santa-anna\/","og_site_name":"Centro buceo Tossa de Mar Dream Dive","article_modified_time":"2023-02-06T21:59:45+00:00","twitter_card":"summary_large_image","twitter_misc":{"Temps estimat de lectura":"1 minut"},"schema":{"@context":"https:\/\/schema.org","@graph":[{"@type":"WebPage","@id":"https:\/\/www.dreamdive.es\/inmersion-tossa-santa-anna\/","url":"https:\/\/www.dreamdive.es\/inmersion-tossa-santa-anna\/","name":"inmersi\u00f3n buceo Santa Anna - Centro buceo Tossa de Mar Dream Dive","isPartOf":{"@id":"https:\/\/www.dreamdive.es\/#website"},"datePublished":"2023-01-16T12:59:38+00:00","dateModified":"2023-02-06T21:59:45+00:00","breadcrumb":{"@id":"https:\/\/www.dreamdive.es\/inmersion-tossa-santa-anna\/#breadcrumb"},"inLanguage":"ca","potentialAction":[{"@type":"ReadAction","target":["https:\/\/www.dreamdive.es\/inmersion-tossa-santa-anna\/"]}]},{"@type":"BreadcrumbList","@id":"https:\/\/www.dreamdive.es\/inmersion-tossa-santa-anna\/#breadcrumb","itemListElement":[{"@type":"ListItem","position":1,"name":"Home","item":"https:\/\/www.dreamdive.es\/"},{"@type":"ListItem","position":2,"name":"inmersi\u00f3n buceo Santa Anna"}]},{"@type":"WebSite","@id":"https:\/\/www.dreamdive.es\/#website","url":"https:\/\/www.dreamdive.es\/","name":"Centre busseig Tossa de Mar Dream Dive","description":"","publisher":{"@id":"https:\/\/www.dreamdive.es\/#organization"},"potentialAction":[{"@type":"SearchAction","target":{"@type":"EntryPoint","urlTemplate":"https:\/\/www.dreamdive.es\/?s={search_term_string}"},"query-input":{"@type":"PropertyValueSpecification","valueRequired":true,"valueName":"search_term_string"}}],"inLanguage":"ca"},{"@type":"Organization","@id":"https:\/\/www.dreamdive.es\/#organization","name":"Centre busseig Tossa de Mar Dream Dive","url":"https:\/\/www.dreamdive.es\/","logo":{"@type":"ImageObject","inLanguage":"ca","@id":"https:\/\/www.dreamdive.es\/#\/schema\/logo\/image\/","url":"https:\/\/www.dreamdive.es\/wp-content\/uploads\/2022\/11\/File-svg.svg","contentUrl":"https:\/\/www.dreamdive.es\/wp-content\/uploads\/2022\/11\/File-svg.svg","width":576,"height":432,"caption":"Centro buceo Tossa de Mar Dream Dive"},"image":{"@id":"https:\/\/www.dreamdive.es\/#\/schema\/logo\/image\/"},"sameAs":["https:\/\/www.instagram.com\/dreamdive13\/"]}]}},"_links":{"self":[{"href":"https:\/\/www.dreamdive.es\/ca\/wp-json\/wp\/v2\/pages\/1488","targetHints":{"allow":["GET"]}}],"collection":[{"href":"https:\/\/www.dreamdive.es\/ca\/wp-json\/wp\/v2\/pages"}],"about":[{"href":"https:\/\/www.dreamdive.es\/ca\/wp-json\/wp\/v2\/types\/page"}],"author":[{"embeddable":true,"href":"https:\/\/www.dreamdive.es\/ca\/wp-json\/wp\/v2\/users\/1"}],"replies":[{"embeddable":true,"href":"https:\/\/www.dreamdive.es\/ca\/wp-json\/wp\/v2\/comments?post=1488"}],"version-history":[{"count":7,"href":"https:\/\/www.dreamdive.es\/ca\/wp-json\/wp\/v2\/pages\/1488\/revisions"}],"predecessor-version":[{"id":1713,"href":"https:\/\/www.dreamdive.es\/ca\/wp-json\/wp\/v2\/pages\/1488\/revisions\/1713"}],"wp:attachment":[{"href":"https:\/\/www.dreamdive.es\/ca\/wp-json\/wp\/v2\/media?parent=1488"}],"curies":[{"name":"wp","href":"https:\/\/api.w.org\/{rel}","templated":true}]}}